{"id":1993,"date":"2020-07-15T17:37:32","date_gmt":"2020-07-15T15:37:32","guid":{"rendered":"https:\/\/wrgroup.it\/it\/?page_id=1993"},"modified":"2020-07-15T17:40:49","modified_gmt":"2020-07-15T15:40:49","slug":"ferramenta","status":"publish","type":"page","link":"https:\/\/www.wrgroup.it\/it\/ferramenta\/","title":{"rendered":"Ferramenta"},"content":{"rendered":"<p>[vc_row css=&#8221;.vc_custom_1593075869515{margin-top: 40px !important;margin-bottom: 40px !important;}&#8221;][vc_column][vc_custom_heading text=&#8221;Vendita di utensili e articoli di ferramenta, lo shop di Roma<br \/>\n&#8221; font_container=&#8221;tag:h1|font_size:32|text_align:center&#8221; use_theme_fonts=&#8221;yes&#8221;][\/vc_column][\/vc_row][vc_row][vc_column][vc_text_separator title=&#8221;Ferramenta all&#8217;ingrosso privati e aziende&#8221; css=&#8221;.vc_custom_1594827472396{margin-top: 40px !important;margin-bottom: 40px !important;}&#8221;][\/vc_column][\/vc_row][vc_row equal_height=&#8221;yes&#8221; css=&#8221;.vc_custom_1593076566006{margin-top: 30px !important;margin-bottom: 30px !important;padding-top: 30px !important;padding-bottom: 30px !important;}&#8221;][vc_column width=&#8221;1\/2&#8243;][vc_column_text css=&#8221;.vc_custom_1594827499114{margin-top: 30px !important;}&#8221;]<\/p>\n<div id=\"1501512205\" class=\"u_1501512205 dmNewParagraph\" data-dmtmpl=\"true\" data-element-type=\"paragraph\" data-uialign=\"left\">\n<div id=\"1120959760\" class=\"dmRespCol small-12 u_1120959760 medium-6 large-6\">\n<div id=\"1437230725\" class=\"dmNewParagraph\" data-dmtmpl=\"true\" data-element-type=\"paragraph\" data-uialign=\"left\"><span style=\"color: #000000;\">Forte dell&#8217;esperienza nel settore siderurgico e in quello della fornitura di articoli metallici, WRGroup ha allargato la sua offerta alla proposta di ferramenta. Presso lo shop, puoi affidarti al servizio di vendita di utensili da lavoro e minuterie metalliche. I collaboratori ti aspettano per consigliare gli articoli pi\u00f9 adatti a seconda dei tuoi obiettivi. Inoltre, sono disponibili per completare grossi ordini da destinare a cantieri e stabilimenti produttivi.<\/span><\/div>\n<\/div>\n<\/div>\n<p>[\/vc_column_text][\/vc_column][vc_column width=&#8221;1\/2&#8243;][vc_single_image image=&#8221;1995&#8243; img_size=&#8221;full&#8221; alignment=&#8221;center&#8221;][\/vc_column][\/vc_row][vc_row equal_height=&#8221;yes&#8221; content_placement=&#8221;middle&#8221;][vc_column][vc_text_separator title=&#8221;Minuteria metallica e viteria&#8221; css=&#8221;.vc_custom_1594827543453{margin-top: 40px !important;margin-bottom: 40px !important;}&#8221;][\/vc_column][\/vc_row][vc_row equal_height=&#8221;yes&#8221; css=&#8221;.vc_custom_1593076566006{margin-top: 30px !important;margin-bottom: 30px !important;padding-top: 30px !important;padding-bottom: 30px !important;}&#8221;][vc_column width=&#8221;1\/2&#8243;][vc_single_image image=&#8221;1996&#8243; img_size=&#8221;full&#8221; alignment=&#8221;center&#8221;][\/vc_column][vc_column width=&#8221;1\/2&#8243;][vc_column_text css=&#8221;.vc_custom_1594827562182{margin-top: 30px !important;}&#8221;]<\/p>\n<div id=\"1205159502\" class=\"dmRespRow u_1205159502\">\n<div id=\"1355467354\" class=\"dmRespColsWrapper\">\n<div id=\"1135728732\" class=\"dmRespCol small-12 u_1135728732 medium-6 large-6\">\n<div id=\"1179771509\" class=\"u_1179771509 dmNewParagraph\" data-dmtmpl=\"true\" data-element-type=\"paragraph\" data-uialign=\"left\"><span style=\"color: #000000;\">La minuteria metallica comprende tutti quegli elementi di piccole dimensioni fondamentali per la realizzazione degli interventi in un ampio spettro di settori. Dall&#8217;edilizia all&#8217;impiantistica, dalla grande industria all&#8217;artigianato, questi materiali sono diffusamente impiegati. Viti, bulloni, sistemi di ancoraggio, tasselli, dadi, rondelle, bussole, chiavi, testine, giunzioni, cerniere, reggipiani, piedini: scegli fra alternative in acciaio, rame, ottone e alluminio.<\/span><\/div>\n<\/div>\n<\/div>\n<\/div>\n<div id=\"1283234975\" class=\"dmRespRow u_1283234975\">\n<div id=\"1670974552\" class=\"dmRespColsWrapper\">\n<div id=\"1623218987\" class=\"dmRespCol large-12 medium-12 small-12 u_1623218987\"><\/div>\n<\/div>\n<\/div>\n<p>[\/vc_column_text][\/vc_column][\/vc_row][vc_row equal_height=&#8221;yes&#8221; content_placement=&#8221;middle&#8221;][vc_column][vc_text_separator title=&#8221;Utensili da lavoro ed elettroutensili&#8221; css=&#8221;.vc_custom_1594827594652{margin-top: 40px !important;margin-bottom: 40px !important;}&#8221;][\/vc_column][\/vc_row][vc_row equal_height=&#8221;yes&#8221; css=&#8221;.vc_custom_1593076566006{margin-top: 30px !important;margin-bottom: 30px !important;padding-top: 30px !important;padding-bottom: 30px !important;}&#8221;][vc_column width=&#8221;1\/2&#8243;][vc_column_text css=&#8221;.vc_custom_1594827613607{margin-top: 30px !important;}&#8221;]<\/p>\n<div id=\"1501512205\" class=\"u_1501512205 dmNewParagraph\" data-dmtmpl=\"true\" data-element-type=\"paragraph\" data-uialign=\"left\">\n<div id=\"1120959760\" class=\"dmRespCol small-12 u_1120959760 medium-6 large-6\">\n<div id=\"1437230725\" class=\"dmNewParagraph\" data-dmtmpl=\"true\" data-element-type=\"paragraph\" data-uialign=\"left\">\n<div id=\"1648682075\" class=\"dmRespCol small-12 u_1648682075 medium-6 large-6\">\n<div id=\"1561116501\" class=\"dmNewParagraph u_1561116501\" data-dmtmpl=\"true\" data-element-type=\"paragraph\" data-uialign=\"left\">\n<div id=\"1347653642\" class=\"dmRespCol small-12 u_1347653642 medium-6 large-6\">\n<div id=\"1302658272\" class=\"u_1302658272 dmNewParagraph\" data-dmtmpl=\"true\" data-element-type=\"paragraph\" data-uialign=\"left\">\n<div id=\"1624712743\" class=\"dmRespCol small-12 u_1624712743 medium-6 large-6\">\n<div id=\"1121131162\" class=\"dmNewParagraph u_1121131162\" data-dmtmpl=\"true\" data-element-type=\"paragraph\" data-uialign=\"left\"><span style=\"color: #000000;\">La bont\u00e0 degli strumenti da lavoro \u00e8 imprescindibili per realizzare opere che sappiano soddisfare alti standard di qualit\u00e0. Il servizio di vendita degli utensili di WRGroup seleziona alternative manuali o elettriche fra i migliori marchi sul mercato. Dal set di cacciavite al trapano per interventi continuativi in cantiere, l&#8217;offerta comprende diverse opzioni distinte per fascia di prezzo. I collaboratori si confrontano con te e ti indicano le prestazioni dei vari attrezzi.<\/span><\/div>\n<\/div>\n<\/div>\n<\/div>\n<\/div>\n<\/div>\n<\/div>\n<\/div>\n<\/div>\n<p>[\/vc_column_text][\/vc_column][vc_column width=&#8221;1\/2&#8243;][vc_single_image image=&#8221;1997&#8243; img_size=&#8221;full&#8221; alignment=&#8221;center&#8221;][\/vc_column][\/vc_row]<\/p>\n","protected":false},"excerpt":{"rendered":"<p>[vc_row css=&#8221;.vc_custom_1593075869515{margin-top: 40px !important;margin-bottom: 40px !important;}&#8221;][vc_column][vc_custom_heading text=&#8221;Vendita di utensili e articoli di ferramenta, lo shop di Roma &#8221; font_container=&#8221;tag:h1|font_size:32|text_align:center&#8221; use_theme_fonts=&#8221;yes&#8221;][\/vc_column][\/vc_row][vc_row][vc_column][vc_text_separator title=&#8221;Ferramenta all&#8217;ingrosso privati e aziende&#8221; css=&#8221;.vc_custom_1594827472396{margin-top: 40px !important;margin-bottom: 40px !important;}&#8221;][\/vc_column][\/vc_row][vc_row equal_height=&#8221;yes&#8221; css=&#8221;.vc_custom_1593076566006{margin-top: 30px !important;margin-bottom: 30px !important;padding-top: 30px !important;padding-bottom: 30px !important;}&#8221;][vc_column width=&#8221;1\/2&#8243;][vc_column_text css=&#8221;.vc_custom_1594827499114{margin-top: 30px !important;}&#8221;] Forte dell&#8217;esperienza nel settore siderurgico e in quello della fornitura di [&hellip;]<\/p>\n","protected":false},"author":1,"featured_media":0,"parent":0,"menu_order":0,"comment_status":"closed","ping_status":"closed","template":"","meta":{"footnotes":"","_joinchat":[]},"_links":{"self":[{"href":"https:\/\/www.wrgroup.it\/it\/wp-json\/wp\/v2\/pages\/1993"}],"collection":[{"href":"https:\/\/www.wrgroup.it\/it\/wp-json\/wp\/v2\/pages"}],"about":[{"href":"https:\/\/www.wrgroup.it\/it\/wp-json\/wp\/v2\/types\/page"}],"author":[{"embeddable":true,"href":"https:\/\/www.wrgroup.it\/it\/wp-json\/wp\/v2\/users\/1"}],"replies":[{"embeddable":true,"href":"https:\/\/www.wrgroup.it\/it\/wp-json\/wp\/v2\/comments?post=1993"}],"version-history":[{"count":2,"href":"https:\/\/www.wrgroup.it\/it\/wp-json\/wp\/v2\/pages\/1993\/revisions"}],"predecessor-version":[{"id":1998,"href":"https:\/\/www.wrgroup.it\/it\/wp-json\/wp\/v2\/pages\/1993\/revisions\/1998"}],"wp:attachment":[{"href":"https:\/\/www.wrgroup.it\/it\/wp-json\/wp\/v2\/media?parent=1993"}],"curies":[{"name":"wp","href":"https:\/\/api.w.org\/{rel}","templated":true}]}}