{"id":1921,"date":"2020-07-15T15:42:02","date_gmt":"2020-07-15T13:42:02","guid":{"rendered":"https:\/\/wrgroup.it\/it\/?page_id=1921"},"modified":"2020-07-15T15:47:14","modified_gmt":"2020-07-15T13:47:14","slug":"barre-in-metallo","status":"publish","type":"page","link":"https:\/\/www.wrgroup.it\/it\/barre-in-metallo\/","title":{"rendered":"Barre in metallo"},"content":{"rendered":"<p>[vc_row css=&#8221;.vc_custom_1593075869515{margin-top: 40px !important;margin-bottom: 40px !important;}&#8221;][vc_column][vc_custom_heading text=&#8221;Fornitura di barre in metallo per realizzazioni strutturali a Roma&#8221; font_container=&#8221;tag:h1|font_size:32|text_align:center&#8221; use_theme_fonts=&#8221;yes&#8221;][\/vc_column][\/vc_row][vc_row][vc_column][vc_text_separator title=&#8221;Barre a sezione tonda o squadrata&#8221; css=&#8221;.vc_custom_1594820556375{margin-top: 40px !important;margin-bottom: 40px !important;}&#8221;][\/vc_column][\/vc_row][vc_row equal_height=&#8221;yes&#8221; css=&#8221;.vc_custom_1593076566006{margin-top: 30px !important;margin-bottom: 30px !important;padding-top: 30px !important;padding-bottom: 30px !important;}&#8221;][vc_column width=&#8221;1\/2&#8243;][vc_column_text css=&#8221;.vc_custom_1594820594556{margin-top: 30px !important;}&#8221;]<\/p>\n<div id=\"1501512205\" class=\"u_1501512205 dmNewParagraph\" data-dmtmpl=\"true\" data-element-type=\"paragraph\" data-uialign=\"left\">\n<div id=\"1120959760\" class=\"dmRespCol small-12 u_1120959760 medium-6 large-6\">\n<div id=\"1437230725\" class=\"dmNewParagraph\" data-dmtmpl=\"true\" data-element-type=\"paragraph\" data-uialign=\"left\"><span style=\"color: #000000;\">Nell&#8217;edilizia civile come in un ampio spettro di settori dedicati alla carpenteria meccanica, le barre di metallo trovano, da sempre, un&#8217;applicazione diffusa. La proposta di WRGroup \u00e8 ideale per opere strutturali. Presso il magazzino, avrai modo di trovare barre a sezione tonda, quadra, esagonale, piatta. Lo staff rimane a completa disposizione per il taglio su misura dei profili in metallo.\u00a0<\/span><\/div>\n<\/div>\n<\/div>\n<p>[\/vc_column_text][\/vc_column][vc_column width=&#8221;1\/2&#8243;][vc_single_image image=&#8221;1923&#8243; img_size=&#8221;full&#8221; alignment=&#8221;center&#8221;][\/vc_column][\/vc_row][vc_row equal_height=&#8221;yes&#8221; content_placement=&#8221;middle&#8221;][vc_column][vc_text_separator title=&#8221;Prestazioni delle barre e consulenza dello staff&#8221; css=&#8221;.vc_custom_1594820714238{margin-top: 40px !important;margin-bottom: 40px !important;}&#8221;][\/vc_column][\/vc_row][vc_row equal_height=&#8221;yes&#8221; css=&#8221;.vc_custom_1593076566006{margin-top: 30px !important;margin-bottom: 30px !important;padding-top: 30px !important;padding-bottom: 30px !important;}&#8221;][vc_column width=&#8221;1\/2&#8243;][vc_single_image image=&#8221;1924&#8243; img_size=&#8221;full&#8221; alignment=&#8221;center&#8221;][\/vc_column][vc_column width=&#8221;1\/2&#8243;][vc_column_text css=&#8221;.vc_custom_1594820726700{margin-top: 30px !important;}&#8221;]<\/p>\n<p class=\"u_1988315169 dmNewParagraph wow fadeInUp animated\" data-element-type=\"paragraph\" data-uialign=\"right\" data-anim-desktop=\"fadeInUp\"><span style=\"color: #000000;\">Le barre in metallo si distinguono, senza dubbio, per la qualit\u00e0 dei materiali. L&#8217;acciaio impiegato \u00e8 una garanzia per la resistenza sotto carico. Lo staff del magazzino sapr\u00e0 indicarti le prestazioni nominali di tutti i prodotti e ti consiglia sull&#8217;utilizzo pi\u00f9 efficace a seconda delle esigenze. Oltre agli articoli indicati nel paragrafo precedente, \u00e8 possibile richiedere le barre metalliche ad aderenza migliorata.<\/span><\/p>\n<p>[\/vc_column_text][\/vc_column][\/vc_row][vc_row equal_height=&#8221;yes&#8221; content_placement=&#8221;middle&#8221;][vc_column][vc_text_separator title=&#8221;Serie di barre metalliche congruenti&#8221; css=&#8221;.vc_custom_1594820764469{margin-top: 40px !important;margin-bottom: 40px !important;}&#8221;][\/vc_column][\/vc_row][vc_row equal_height=&#8221;yes&#8221; css=&#8221;.vc_custom_1593076566006{margin-top: 30px !important;margin-bottom: 30px !important;padding-top: 30px !important;padding-bottom: 30px !important;}&#8221;][vc_column width=&#8221;1\/2&#8243;][vc_column_text css=&#8221;.vc_custom_1594820783918{margin-top: 30px !important;}&#8221;]<\/p>\n<div id=\"1501512205\" class=\"u_1501512205 dmNewParagraph\" data-dmtmpl=\"true\" data-element-type=\"paragraph\" data-uialign=\"left\">\n<div id=\"1120959760\" class=\"dmRespCol small-12 u_1120959760 medium-6 large-6\">\n<div id=\"1437230725\" class=\"dmNewParagraph\" data-dmtmpl=\"true\" data-element-type=\"paragraph\" data-uialign=\"left\">\n<div id=\"1648682075\" class=\"dmRespCol small-12 u_1648682075 medium-6 large-6\">\n<div id=\"1561116501\" class=\"dmNewParagraph u_1561116501\" data-dmtmpl=\"true\" data-element-type=\"paragraph\" data-uialign=\"left\">\n<div id=\"1347653642\" class=\"dmRespCol small-12 u_1347653642 medium-6 large-6\">\n<div id=\"1302658272\" class=\"u_1302658272 dmNewParagraph\" data-dmtmpl=\"true\" data-element-type=\"paragraph\" data-uialign=\"left\"><span style=\"color: #000000;\">Le barre di metallo profilate si ottengono tramite un processo di trafilatura. In altri termini, l&#8217;operazione consiste nel transito del semilavorato grezzo attraverso un foro calibrato a forma di tronco di cono. Grazie alle tecnologie disponibile la precisione e l&#8217;uniformit\u00e0 delle produzione sono garantite per tutta la serie. L&#8217;accuratezza e la congruit\u00e0 degli elementi sono fondamentali per realizzare opere strutturali senza difetti di bilanciamento e carichi squilibrati.<\/span><\/div>\n<\/div>\n<\/div>\n<\/div>\n<\/div>\n<\/div>\n<\/div>\n<p>[\/vc_column_text][\/vc_column][vc_column width=&#8221;1\/2&#8243;][vc_single_image image=&#8221;1925&#8243; img_size=&#8221;full&#8221; alignment=&#8221;center&#8221;][\/vc_column][\/vc_row]<\/p>\n","protected":false},"excerpt":{"rendered":"<p>[vc_row css=&#8221;.vc_custom_1593075869515{margin-top: 40px !important;margin-bottom: 40px !important;}&#8221;][vc_column][vc_custom_heading text=&#8221;Fornitura di barre in metallo per realizzazioni strutturali a Roma&#8221; font_container=&#8221;tag:h1|font_size:32|text_align:center&#8221; use_theme_fonts=&#8221;yes&#8221;][\/vc_column][\/vc_row][vc_row][vc_column][vc_text_separator title=&#8221;Barre a sezione tonda o squadrata&#8221; css=&#8221;.vc_custom_1594820556375{margin-top: 40px !important;margin-bottom: 40px !important;}&#8221;][\/vc_column][\/vc_row][vc_row equal_height=&#8221;yes&#8221; css=&#8221;.vc_custom_1593076566006{margin-top: 30px !important;margin-bottom: 30px !important;padding-top: 30px !important;padding-bottom: 30px !important;}&#8221;][vc_column width=&#8221;1\/2&#8243;][vc_column_text css=&#8221;.vc_custom_1594820594556{margin-top: 30px !important;}&#8221;] Nell&#8217;edilizia civile come in un ampio spettro di settori dedicati alla carpenteria [&hellip;]<\/p>\n","protected":false},"author":1,"featured_media":0,"parent":0,"menu_order":0,"comment_status":"closed","ping_status":"closed","template":"","meta":{"footnotes":"","_joinchat":[]},"_links":{"self":[{"href":"https:\/\/www.wrgroup.it\/it\/wp-json\/wp\/v2\/pages\/1921"}],"collection":[{"href":"https:\/\/www.wrgroup.it\/it\/wp-json\/wp\/v2\/pages"}],"about":[{"href":"https:\/\/www.wrgroup.it\/it\/wp-json\/wp\/v2\/types\/page"}],"author":[{"embeddable":true,"href":"https:\/\/www.wrgroup.it\/it\/wp-json\/wp\/v2\/users\/1"}],"replies":[{"embeddable":true,"href":"https:\/\/www.wrgroup.it\/it\/wp-json\/wp\/v2\/comments?post=1921"}],"version-history":[{"count":2,"href":"https:\/\/www.wrgroup.it\/it\/wp-json\/wp\/v2\/pages\/1921\/revisions"}],"predecessor-version":[{"id":1926,"href":"https:\/\/www.wrgroup.it\/it\/wp-json\/wp\/v2\/pages\/1921\/revisions\/1926"}],"wp:attachment":[{"href":"https:\/\/www.wrgroup.it\/it\/wp-json\/wp\/v2\/media?parent=1921"}],"curies":[{"name":"wp","href":"https:\/\/api.w.org\/{rel}","templated":true}]}}