{"id":1818,"date":"2020-07-14T12:18:27","date_gmt":"2020-07-14T10:18:27","guid":{"rendered":"https:\/\/wrgroup.it\/it\/?page_id=1818"},"modified":"2020-07-14T12:40:36","modified_gmt":"2020-07-14T10:40:36","slug":"laminati","status":"publish","type":"page","link":"https:\/\/www.wrgroup.it\/it\/laminati\/","title":{"rendered":"Laminati"},"content":{"rendered":"<p>[vc_row css=&#8221;.vc_custom_1593075869515{margin-top: 40px !important;margin-bottom: 40px !important;}&#8221;][vc_column][vc_custom_heading text=&#8221;Laminati a caldo e lavorazione a caldo presso lo stabilimento di Roma&#8221; font_container=&#8221;tag:h1|font_size:32|text_align:center&#8221; use_theme_fonts=&#8221;yes&#8221;][\/vc_column][\/vc_row][vc_row][vc_column][vc_text_separator title=&#8221;Laminati in acciaio di diversa sezione&#8221; css=&#8221;.vc_custom_1594721939741{margin-top: 40px !important;margin-bottom: 40px !important;}&#8221;][\/vc_column][\/vc_row][vc_row equal_height=&#8221;yes&#8221; css=&#8221;.vc_custom_1593076566006{margin-top: 30px !important;margin-bottom: 30px !important;padding-top: 30px !important;padding-bottom: 30px !important;}&#8221;][vc_column width=&#8221;1\/2&#8243;][vc_column_text css=&#8221;.vc_custom_1594721977168{margin-top: 30px !important;}&#8221;]<\/p>\n<p class=\"u_1988315169 dmNewParagraph wow fadeInUp animated\" data-element-type=\"paragraph\" data-uialign=\"right\" data-anim-desktop=\"fadeInUp\"><span style=\"color: #000000;\">Ci occupiamo della consulenza e della vendita di laminati a caldo che si fanno apprezzare per le caratteristiche meccaniche tanto quanto per l&#8217;omogeneit\u00e0. La proposta comprende semilavorati piatti, tondi, quadri, angolari; profilati con sezioni a L, T, U, H, I; nastri. Lo stabilimento fornitore \u00e8 in grado di produrre 2 milioni di tonnellate all&#8217;anno. In tutti e tre gli impianti, il formato di prodotto \u00e8 di 130 x 130 mm. (lunghezza 11 metri). Le unit\u00e0 produttive sono alimentate a gas naturale e gestite da software che abbattono le emissioni.<\/span><\/p>\n<p>[\/vc_column_text][\/vc_column][vc_column width=&#8221;1\/2&#8243;][vc_single_image image=&#8221;1820&#8243; img_size=&#8221;full&#8221; alignment=&#8221;center&#8221;][\/vc_column][\/vc_row][vc_row equal_height=&#8221;yes&#8221; content_placement=&#8221;middle&#8221; css=&#8221;.vc_custom_1593081353129{margin-top: 30px !important;margin-right: 0px !important;margin-bottom: 30px !important;margin-left: 0px !important;padding-right: 0px !important;padding-left: 0px !important;}&#8221;][vc_column width=&#8221;1\/4&#8243;][vc_column_text css=&#8221;.vc_custom_1594722142771{margin-top: 10px !important;margin-bottom: 10px !important;}&#8221;]<\/p>\n<h2 id=\"1138956850\" class=\"u_1138956850 dmNewParagraph wow fadeInUp animated\" data-element-type=\"paragraph\" data-uialign=\"left\" data-anim-desktop=\"fadeInUp\">Laminati tondi<\/h2>\n<p>[\/vc_column_text][vc_single_image image=&#8221;1821&#8243; img_size=&#8221;medium&#8221; alignment=&#8221;center&#8221; onclick=&#8221;link_image&#8221; css=&#8221;.vc_custom_1594722186737{margin-top: 10px !important;margin-bottom: 10px !important;}&#8221;][\/vc_column][vc_column width=&#8221;1\/4&#8243;][vc_column_text css=&#8221;.vc_custom_1594722287191{margin-bottom: 10px !important;}&#8221;]<\/p>\n<h2>Laminati quadri<\/h2>\n<p>[\/vc_column_text][vc_single_image image=&#8221;1822&#8243; img_size=&#8221;medium&#8221; alignment=&#8221;center&#8221; onclick=&#8221;link_image&#8221; css=&#8221;.vc_custom_1594722250832{margin-top: 10px !important;margin-bottom: 10px !important;}&#8221;][\/vc_column][vc_column width=&#8221;1\/4&#8243;][vc_column_text css=&#8221;.vc_custom_1594722282613{margin-bottom: 10px !important;}&#8221;]<\/p>\n<h2 id=\"1468873231\" class=\"u_1468873231 dmNewParagraph wow fadeInUp animated\" data-element-type=\"paragraph\" data-uialign=\"center\" data-anim-desktop=\"fadeInUp\">Laminati piatti<\/h2>\n<p>[\/vc_column_text][vc_images_carousel images=&#8221;1823,1824,1825,1826&#8243; img_size=&#8221;medium&#8221; autoplay=&#8221;yes&#8221; hide_pagination_control=&#8221;yes&#8221; hide_prev_next_buttons=&#8221;yes&#8221; css=&#8221;.vc_custom_1594722467408{margin-top: 10px !important;margin-bottom: 10px !important;}&#8221;][\/vc_column][vc_column width=&#8221;1\/4&#8243;][vc_column_text css=&#8221;.vc_custom_1594722524784{margin-bottom: 10px !important;}&#8221;]<\/p>\n<h2 id=\"1953596614\" class=\"u_1953596614 dmNewParagraph wow fadeInUp animated\" data-element-type=\"paragraph\" data-uialign=\"center\" data-anim-desktop=\"fadeInUp\">Laminati a L<\/h2>\n<p>[\/vc_column_text][vc_images_carousel images=&#8221;1827,1828&#8243; img_size=&#8221;medium&#8221; autoplay=&#8221;yes&#8221; hide_pagination_control=&#8221;yes&#8221; hide_prev_next_buttons=&#8221;yes&#8221; css=&#8221;.vc_custom_1594722614766{margin-top: 10px !important;margin-bottom: 10px !important;}&#8221;][\/vc_column][\/vc_row][vc_row equal_height=&#8221;yes&#8221; css=&#8221;.vc_custom_1593080672956{margin-top: 30px !important;margin-bottom: 30px !important;}&#8221;][vc_column width=&#8221;1\/4&#8243;][vc_column_text css=&#8221;.vc_custom_1594722652588{margin-top: 10px !important;margin-bottom: 10px !important;}&#8221;]<\/p>\n<h2 id=\"1866329199\" class=\"u_1866329199 dmNewParagraph wow fadeInUp animated\" data-element-type=\"paragraph\" data-uialign=\"left\" data-anim-desktop=\"fadeInUp\">Laminati angolari<\/h2>\n<p>[\/vc_column_text][vc_images_carousel images=&#8221;1830,1831&#8243; img_size=&#8221;medium&#8221; autoplay=&#8221;yes&#8221; hide_pagination_control=&#8221;yes&#8221; hide_prev_next_buttons=&#8221;yes&#8221; css=&#8221;.vc_custom_1594723106771{margin-top: 10px !important;margin-bottom: 10px !important;}&#8221;][\/vc_column][vc_column width=&#8221;1\/4&#8243;][vc_column_text css=&#8221;.vc_custom_1594722664444{margin-top: 10px !important;margin-bottom: 10px !important;}&#8221;]<\/p>\n<h2 id=\"1706983557\" class=\"u_1706983557 dmNewParagraph wow fadeInUp animated\" data-element-type=\"paragraph\" data-uialign=\"center\" data-anim-desktop=\"fadeInUp\">Laminati a T<\/h2>\n<p>[\/vc_column_text][vc_images_carousel images=&#8221;1832,1833&#8243; img_size=&#8221;medium&#8221; autoplay=&#8221;yes&#8221; hide_pagination_control=&#8221;yes&#8221; hide_prev_next_buttons=&#8221;yes&#8221; css=&#8221;.vc_custom_1594723169040{margin-top: 10px !important;margin-bottom: 10px !important;}&#8221;][\/vc_column][vc_column width=&#8221;1\/4&#8243;][vc_column_text css=&#8221;.vc_custom_1594723043632{margin-top: 10px !important;margin-bottom: 10px !important;}&#8221;]<\/p>\n<h2 id=\"1945688331\" class=\"u_1945688331 dmNewParagraph wow fadeInUp animated\" data-element-type=\"paragraph\" data-uialign=\"left\" data-anim-desktop=\"fadeInUp\">Laminati a U<\/h2>\n<p>[\/vc_column_text][vc_images_carousel images=&#8221;1834,1835&#8243; img_size=&#8221;medium&#8221; autoplay=&#8221;yes&#8221; hide_pagination_control=&#8221;yes&#8221; hide_prev_next_buttons=&#8221;yes&#8221; css=&#8221;.vc_custom_1594723227531{margin-top: 10px !important;margin-bottom: 10px !important;}&#8221;][\/vc_column][vc_column width=&#8221;1\/4&#8243;][\/vc_column][\/vc_row]<\/p>\n","protected":false},"excerpt":{"rendered":"<p>[vc_row css=&#8221;.vc_custom_1593075869515{margin-top: 40px !important;margin-bottom: 40px !important;}&#8221;][vc_column][vc_custom_heading text=&#8221;Laminati a caldo e lavorazione a caldo presso lo stabilimento di Roma&#8221; font_container=&#8221;tag:h1|font_size:32|text_align:center&#8221; use_theme_fonts=&#8221;yes&#8221;][\/vc_column][\/vc_row][vc_row][vc_column][vc_text_separator title=&#8221;Laminati in acciaio di diversa sezione&#8221; css=&#8221;.vc_custom_1594721939741{margin-top: 40px !important;margin-bottom: 40px !important;}&#8221;][\/vc_column][\/vc_row][vc_row equal_height=&#8221;yes&#8221; css=&#8221;.vc_custom_1593076566006{margin-top: 30px !important;margin-bottom: 30px !important;padding-top: 30px !important;padding-bottom: 30px !important;}&#8221;][vc_column width=&#8221;1\/2&#8243;][vc_column_text css=&#8221;.vc_custom_1594721977168{margin-top: 30px !important;}&#8221;] Ci occupiamo della consulenza e della vendita di laminati a [&hellip;]<\/p>\n","protected":false},"author":1,"featured_media":0,"parent":0,"menu_order":0,"comment_status":"closed","ping_status":"closed","template":"","meta":{"footnotes":"","_joinchat":[]},"_links":{"self":[{"href":"https:\/\/www.wrgroup.it\/it\/wp-json\/wp\/v2\/pages\/1818"}],"collection":[{"href":"https:\/\/www.wrgroup.it\/it\/wp-json\/wp\/v2\/pages"}],"about":[{"href":"https:\/\/www.wrgroup.it\/it\/wp-json\/wp\/v2\/types\/page"}],"author":[{"embeddable":true,"href":"https:\/\/www.wrgroup.it\/it\/wp-json\/wp\/v2\/users\/1"}],"replies":[{"embeddable":true,"href":"https:\/\/www.wrgroup.it\/it\/wp-json\/wp\/v2\/comments?post=1818"}],"version-history":[{"count":3,"href":"https:\/\/www.wrgroup.it\/it\/wp-json\/wp\/v2\/pages\/1818\/revisions"}],"predecessor-version":[{"id":1836,"href":"https:\/\/www.wrgroup.it\/it\/wp-json\/wp\/v2\/pages\/1818\/revisions\/1836"}],"wp:attachment":[{"href":"https:\/\/www.wrgroup.it\/it\/wp-json\/wp\/v2\/media?parent=1818"}],"curies":[{"name":"wp","href":"https:\/\/api.w.org\/{rel}","templated":true}]}}