{"id":1728,"date":"2020-06-25T10:45:53","date_gmt":"2020-06-25T08:45:53","guid":{"rendered":"https:\/\/wrgroup.it\/it\/?page_id=1728"},"modified":"2020-06-25T11:59:29","modified_gmt":"2020-06-25T09:59:29","slug":"zincatura","status":"publish","type":"page","link":"https:\/\/www.wrgroup.it\/it\/zincatura\/","title":{"rendered":"Zincatura"},"content":{"rendered":"<p>[vc_row css=&#8221;.vc_custom_1593075869515{margin-top: 40px !important;margin-bottom: 40px !important;}&#8221;][vc_column][vc_custom_heading text=&#8221;Zincatura dei metalli con tecniche all&#8217;avanguardia a Roma&#8221; font_container=&#8221;tag:h1|font_size:32|text_align:center&#8221; use_theme_fonts=&#8221;yes&#8221;][\/vc_column][\/vc_row][vc_row][vc_column][vc_text_separator title=&#8221;Zincatura dei manufatti metallici&#8221; css=&#8221;.vc_custom_1593078649222{margin-top: 40px !important;margin-bottom: 40px !important;}&#8221;][\/vc_column][\/vc_row][vc_row equal_height=&#8221;yes&#8221; css=&#8221;.vc_custom_1593076566006{margin-top: 30px !important;margin-bottom: 30px !important;padding-top: 30px !important;padding-bottom: 30px !important;}&#8221;][vc_column width=&#8221;1\/2&#8243;][vc_column_text css=&#8221;.vc_custom_1593079109336{margin-top: 30px !important;}&#8221;]<\/p>\n<p class=\"u_1988315169 dmNewParagraph wow fadeInUp animated\" data-element-type=\"paragraph\" data-uialign=\"right\" data-anim-desktop=\"fadeInUp\"><span style=\"color: #000000;\">Effettuiamo la zincatura dei metalli su qualunque tipo di realizzazione. Lo staff prepara i vari pezzi tramite il processo di sgrassatura, decapaggio, flussaggio e immersione in zinco fuso a 450\u00b0.<\/span><\/p>\n<p>[\/vc_column_text][\/vc_column][vc_column width=&#8221;1\/2&#8243;][vc_single_image image=&#8221;1744&#8243; img_size=&#8221;full&#8221; alignment=&#8221;center&#8221;][\/vc_column][\/vc_row][vc_row equal_height=&#8221;yes&#8221; content_placement=&#8221;middle&#8221;][vc_column][vc_text_separator title=&#8221;Zincatura e protezione dei metalli&#8221; css=&#8221;.vc_custom_1593078947132{margin-top: 40px !important;margin-bottom: 40px !important;}&#8221;][\/vc_column][\/vc_row][vc_row equal_height=&#8221;yes&#8221; css=&#8221;.vc_custom_1593076566006{margin-top: 30px !important;margin-bottom: 30px !important;padding-top: 30px !important;padding-bottom: 30px !important;}&#8221;][vc_column width=&#8221;1\/2&#8243;][vc_single_image image=&#8221;1745&#8243; img_size=&#8221;full&#8221; alignment=&#8221;center&#8221;][\/vc_column][vc_column width=&#8221;1\/2&#8243;][vc_column_text css=&#8221;.vc_custom_1593079094664{margin-top: 30px !important;}&#8221;]<\/p>\n<p class=\"u_1988315169 dmNewParagraph wow fadeInUp animated\" data-element-type=\"paragraph\" data-uialign=\"right\" data-anim-desktop=\"fadeInUp\"><span style=\"color: #000000;\">La zincatura \u00e8 una lavorazione volto a proteggere i materiali ferrosi dalla corrosione galvanica. Tramite un processo elettrolitico a caldo o a freddo, lo zinco viene applicato sulle lamiere o sui prodotti lavorati. L&#8217;ossidazione preferenziale del materiale fa s\u00ec che l&#8217;acciaio sia immune dai principi corrosivi. Tuttavia, la qualit\u00e0 dell&#8217;opera \u00e8 imprescindibile per assicurare una finitura capace di resistere nel tempo. Dunque, \u00e8 bene affidarsi a uno staff esperto e adeguatamente attrezzato per la zincatura dei metalli (si tratti di semilavorati o di elementi finiti).<\/span><\/p>\n<p>[\/vc_column_text][\/vc_column][\/vc_row]<\/p>\n","protected":false},"excerpt":{"rendered":"<p>[vc_row css=&#8221;.vc_custom_1593075869515{margin-top: 40px !important;margin-bottom: 40px !important;}&#8221;][vc_column][vc_custom_heading text=&#8221;Zincatura dei metalli con tecniche all&#8217;avanguardia a Roma&#8221; font_container=&#8221;tag:h1|font_size:32|text_align:center&#8221; use_theme_fonts=&#8221;yes&#8221;][\/vc_column][\/vc_row][vc_row][vc_column][vc_text_separator title=&#8221;Zincatura dei manufatti metallici&#8221; css=&#8221;.vc_custom_1593078649222{margin-top: 40px !important;margin-bottom: 40px !important;}&#8221;][\/vc_column][\/vc_row][vc_row equal_height=&#8221;yes&#8221; css=&#8221;.vc_custom_1593076566006{margin-top: 30px !important;margin-bottom: 30px !important;padding-top: 30px !important;padding-bottom: 30px !important;}&#8221;][vc_column width=&#8221;1\/2&#8243;][vc_column_text css=&#8221;.vc_custom_1593079109336{margin-top: 30px !important;}&#8221;] Effettuiamo la zincatura dei metalli su qualunque tipo di realizzazione. Lo staff prepara i vari pezzi [&hellip;]<\/p>\n","protected":false},"author":1,"featured_media":0,"parent":0,"menu_order":0,"comment_status":"closed","ping_status":"closed","template":"","meta":{"footnotes":"","_joinchat":[]},"_links":{"self":[{"href":"https:\/\/www.wrgroup.it\/it\/wp-json\/wp\/v2\/pages\/1728"}],"collection":[{"href":"https:\/\/www.wrgroup.it\/it\/wp-json\/wp\/v2\/pages"}],"about":[{"href":"https:\/\/www.wrgroup.it\/it\/wp-json\/wp\/v2\/types\/page"}],"author":[{"embeddable":true,"href":"https:\/\/www.wrgroup.it\/it\/wp-json\/wp\/v2\/users\/1"}],"replies":[{"embeddable":true,"href":"https:\/\/www.wrgroup.it\/it\/wp-json\/wp\/v2\/comments?post=1728"}],"version-history":[{"count":6,"href":"https:\/\/www.wrgroup.it\/it\/wp-json\/wp\/v2\/pages\/1728\/revisions"}],"predecessor-version":[{"id":1747,"href":"https:\/\/www.wrgroup.it\/it\/wp-json\/wp\/v2\/pages\/1728\/revisions\/1747"}],"wp:attachment":[{"href":"https:\/\/www.wrgroup.it\/it\/wp-json\/wp\/v2\/media?parent=1728"}],"curies":[{"name":"wp","href":"https:\/\/api.w.org\/{rel}","templated":true}]}}