{"id":753,"date":"2021-04-27T10:20:25","date_gmt":"2021-04-27T08:20:25","guid":{"rendered":"https:\/\/wrgroup.it\/infissisubito\/?page_id=753"},"modified":"2021-05-21T09:36:11","modified_gmt":"2021-05-21T07:36:11","slug":"chi-siamo","status":"publish","type":"page","link":"https:\/\/www.wrgroup.it\/infissisubito\/chi-siamo\/","title":{"rendered":"Chi Siamo"},"content":{"rendered":"<p><div class=\"fusion-fullwidth fullwidth-box fusion-builder-row-1 fusion-flex-container nonhundred-percent-fullwidth non-hundred-percent-height-scrolling\" style=\"background-color: rgba(255,255,255,0);background-position: center center;background-repeat: no-repeat;border-width: 0px 0px 0px 0px;border-color:#e2e2e2;border-style:solid;\" ><div class=\"fusion-builder-row fusion-row fusion-flex-align-items-flex-start\" style=\"max-width:1248px;margin-left: calc(-4% \/ 2 );margin-right: calc(-4% \/ 2 );\"><div class=\"fusion-layout-column fusion_builder_column fusion-builder-column-0 fusion_builder_column_1_1 1_1 fusion-flex-column\"><div class=\"fusion-column-wrapper fusion-flex-justify-content-flex-start fusion-content-layout-column\" style=\"background-position:left top;background-repeat:no-repeat;-webkit-background-size:cover;-moz-background-size:cover;-o-background-size:cover;background-size:cover;padding: 0px 0px 0px 0px;\"><style type=\"text\/css\">.fusion-title.fusion-title-1 svg path{stroke:#c0272d!important}.fusion-title.fusion-title-1 svg{margin-top:4px!important}.fusion-title.fusion-title-1 svg path{stroke-width:4!important}@media only screen and (max-width:1024px) {.fusion-title.fusion-title-1{margin-top:10px!important;margin-bottom:15px!important;}}@media only screen and (max-width:640px) {.fusion-title.fusion-title-1{margin-top:10px!important;margin-bottom:10px!important;}}<\/style><div class=\"fusion-title title fusion-title-1 fusion-sep-none fusion-title-center fusion-title-highlight fusion-loop-on fusion-highlight-underline fusion-title-size-one\" style=\"margin-top:10px;margin-bottom:15px;\" data-highlight=\"underline\"><h1 class=\"title-heading-center\" style=\"margin:0;color:#4c4c4c;\"><span class=\"fusion-highlighted-text-prefix\"><\/span> <span class=\"fusion-highlighted-text-wrapper\"><span class=\"fusion-highlighted-text\">Chi Siamo<\/span><\/span> <span class=\"fusion-highlighted-text-postfix\"><\/span><\/h1><\/div><\/div><\/div><style type=\"text\/css\">.fusion-body .fusion-builder-column-0{width:100% !important;margin-top : 0px;margin-bottom : 20px;}.fusion-builder-column-0 > .fusion-column-wrapper {padding-top : 0px !important;padding-right : 0px !important;margin-right : 1.92%;padding-bottom : 0px !important;padding-left : 0px !important;margin-left : 1.92%;}@media only screen and (max-width:1024px) {.fusion-body .fusion-builder-column-0{width:100% !important;order : 0;}.fusion-builder-column-0 > .fusion-column-wrapper {margin-right : 1.92%;margin-left : 1.92%;}}@media only screen and (max-width:640px) {.fusion-body .fusion-builder-column-0{width:100% !important;order : 0;}.fusion-builder-column-0 > .fusion-column-wrapper {margin-right : 1.92%;margin-left : 1.92%;}}<\/style><\/div><style type=\"text\/css\">.fusion-body .fusion-flex-container.fusion-builder-row-1{ padding-top : 0px;margin-top : 0px;padding-right : 0px;padding-bottom : 0px;margin-bottom : 0px;padding-left : 0px;}<\/style><\/div><div class=\"fusion-fullwidth fullwidth-box fusion-builder-row-2 fusion-flex-container nonhundred-percent-fullwidth non-hundred-percent-height-scrolling\" style=\"background-color: rgba(255,255,255,0);background-position: center center;background-repeat: no-repeat;border-width: 0px 0px 0px 0px;border-color:#e2e2e2;border-style:solid;\" ><div class=\"fusion-builder-row fusion-row fusion-flex-align-items-flex-start\" style=\"max-width:1248px;margin-left: calc(-4% \/ 2 );margin-right: calc(-4% \/ 2 );\"><div class=\"fusion-layout-column fusion_builder_column fusion-builder-column-1 fusion_builder_column_1_1 1_1 fusion-flex-column\"><div class=\"fusion-column-wrapper fusion-flex-justify-content-flex-start fusion-content-layout-column\" style=\"background-position:left top;background-repeat:no-repeat;-webkit-background-size:cover;-moz-background-size:cover;-o-background-size:cover;background-size:cover;padding: 0px 0px 0px 0px;\"><div class=\"fusion-text fusion-text-1\" style=\"font-size:18px;line-height:2;transform:translate3d(0,0,0);\"><p>La nostra azienda \u00e8 specializzata nel settore dei serramenti in PVC, ma pu\u00f2 soddisfare ogni esigenza anche se preferite materiali come l&#8217;alluminio o il composito legno\/alluminio.<\/p>\n<p>Gli infissi di nostro progetto garantiscono prestazioni eccellenti in linea con i pi\u00f9 alti standard di isolamento termoacustico.<br \/>\nIn oltre riducono la condensa e la proliferazione delle muffe, hanno un design curato di ultima generazione, i profili sono dotati di isolamento a cinque camere, le triple guarnizioni abbattono le infiltrazioni, i vetri sono di altissima qualit\u00e0 cos\u00ec come la ferramenta, per non parlare degli accorgimenti studiati appositamente per il montaggio.<\/p>\n<p>Tutte caratteristiche che contribuiscono a configurare ottime finestre a un costo davvero conveniente.<\/p>\n<p>La nostra competitivit\u00e0 sul mercato si basa sulla capacit\u00e0 di apprendere e cambiare rapidamente, giorno dopo giorno, per realizzare ci\u00f2 che pi\u00f9 ci sta a cuore: la vostra soddisfazione.<\/p>\n<\/div><div style=\"text-align:center;\"><span class=\" fusion-imageframe imageframe-none imageframe-1 hover-type-none\" style=\"width:100%;max-width:1200;\"><img decoding=\"async\" width=\"1200\" height=\"801\" title=\"installazione\" src=\"https:\/\/www.wrgroup.it\/infissisubito\/wp-content\/uploads\/2021\/04\/installazione.jpg\" data-orig-src=\"https:\/\/wrgroup.it\/infissisubito\/wp-content\/uploads\/2021\/04\/installazione.jpg\" class=\"lazyload img-responsive wp-image-756\" srcset=\"data:image\/svg+xml,%3Csvg%20xmlns%3D%27http%3A%2F%2Fwww.w3.org%2F2000%2Fsvg%27%20width%3D%271200%27%20height%3D%27801%27%20viewBox%3D%270%200%201200%20801%27%3E%3Crect%20width%3D%271200%27%20height%3D%273801%27%20fill-opacity%3D%220%22%2F%3E%3C%2Fsvg%3E\" data-srcset=\"https:\/\/www.wrgroup.it\/infissisubito\/wp-content\/uploads\/2021\/04\/installazione-200x134.jpg 200w, https:\/\/www.wrgroup.it\/infissisubito\/wp-content\/uploads\/2021\/04\/installazione-400x267.jpg 400w, https:\/\/www.wrgroup.it\/infissisubito\/wp-content\/uploads\/2021\/04\/installazione-600x401.jpg 600w, https:\/\/www.wrgroup.it\/infissisubito\/wp-content\/uploads\/2021\/04\/installazione-800x534.jpg 800w, https:\/\/www.wrgroup.it\/infissisubito\/wp-content\/uploads\/2021\/04\/installazione.jpg 1200w\" data-sizes=\"auto\" data-orig-sizes=\"(max-width: 640px) 100vw, 1200px\" \/><\/span><\/div><\/div><\/div><style type=\"text\/css\">.fusion-body .fusion-builder-column-1{width:100% !important;margin-top : 0px;margin-bottom : 20px;}.fusion-builder-column-1 > .fusion-column-wrapper {padding-top : 0px !important;padding-right : 0px !important;margin-right : 1.92%;padding-bottom : 0px !important;padding-left : 0px !important;margin-left : 1.92%;}@media only screen and (max-width:1024px) {.fusion-body .fusion-builder-column-1{width:100% !important;order : 0;}.fusion-builder-column-1 > .fusion-column-wrapper {margin-right : 1.92%;margin-left : 1.92%;}}@media only screen and (max-width:640px) {.fusion-body .fusion-builder-column-1{width:100% !important;order : 0;}.fusion-builder-column-1 > .fusion-column-wrapper {margin-right : 1.92%;margin-left : 1.92%;}}<\/style><\/div><style type=\"text\/css\">.fusion-body .fusion-flex-container.fusion-builder-row-2{ padding-top : 0px;margin-top : 50px;padding-right : 0px;padding-bottom : 0px;margin-bottom : 0px;padding-left : 0px;}<\/style><\/div><\/p>\n","protected":false},"excerpt":{"rendered":"","protected":false},"author":1,"featured_media":0,"parent":0,"menu_order":0,"comment_status":"closed","ping_status":"closed","template":"","meta":{"_joinchat":[],"footnotes":""},"class_list":["post-753","page","type-page","status-publish","hentry"],"_links":{"self":[{"href":"https:\/\/www.wrgroup.it\/infissisubito\/wp-json\/wp\/v2\/pages\/753","targetHints":{"allow":["GET"]}}],"collection":[{"href":"https:\/\/www.wrgroup.it\/infissisubito\/wp-json\/wp\/v2\/pages"}],"about":[{"href":"https:\/\/www.wrgroup.it\/infissisubito\/wp-json\/wp\/v2\/types\/page"}],"author":[{"embeddable":true,"href":"https:\/\/www.wrgroup.it\/infissisubito\/wp-json\/wp\/v2\/users\/1"}],"replies":[{"embeddable":true,"href":"https:\/\/www.wrgroup.it\/infissisubito\/wp-json\/wp\/v2\/comments?post=753"}],"version-history":[{"count":5,"href":"https:\/\/www.wrgroup.it\/infissisubito\/wp-json\/wp\/v2\/pages\/753\/revisions"}],"predecessor-version":[{"id":1127,"href":"https:\/\/www.wrgroup.it\/infissisubito\/wp-json\/wp\/v2\/pages\/753\/revisions\/1127"}],"wp:attachment":[{"href":"https:\/\/www.wrgroup.it\/infissisubito\/wp-json\/wp\/v2\/media?parent=753"}],"curies":[{"name":"wp","href":"https:\/\/api.w.org\/{rel}","templated":true}]}}