{"id":1015,"date":"2021-05-03T11:29:24","date_gmt":"2021-05-03T09:29:24","guid":{"rendered":"https:\/\/wrgroup.it\/infissisubito\/?page_id=1015"},"modified":"2021-05-03T11:50:38","modified_gmt":"2021-05-03T09:50:38","slug":"manuale-duso-e-manutenzione-per-serramenti-in-pvc","status":"publish","type":"page","link":"https:\/\/www.wrgroup.it\/infissisubito\/manuale-duso-e-manutenzione-per-serramenti-in-pvc\/","title":{"rendered":"Manuale d&#8217;uso e manutenzione per serramenti in PVC"},"content":{"rendered":"<p><div class=\"fusion-fullwidth fullwidth-box fusion-builder-row-1 fusion-flex-container nonhundred-percent-fullwidth non-hundred-percent-height-scrolling\" style=\"background-color: rgba(255,255,255,0);background-position: center center;background-repeat: no-repeat;border-width: 0px 0px 0px 0px;border-color:#e2e2e2;border-style:solid;\" ><div class=\"fusion-builder-row fusion-row fusion-flex-align-items-flex-start\" style=\"max-width:1248px;margin-left: calc(-4% \/ 2 );margin-right: calc(-4% \/ 2 );\"><div class=\"fusion-layout-column fusion_builder_column fusion-builder-column-0 fusion_builder_column_1_1 1_1 fusion-flex-column\"><div class=\"fusion-column-wrapper fusion-flex-justify-content-flex-start fusion-content-layout-column\" style=\"background-position:left top;background-repeat:no-repeat;-webkit-background-size:cover;-moz-background-size:cover;-o-background-size:cover;background-size:cover;padding: 0px 0px 0px 0px;\"><style type=\"text\/css\">.fusion-title.fusion-title-1 svg path{stroke:#c0272d!important}.fusion-title.fusion-title-1 svg{margin-top:16px!important}.fusion-title.fusion-title-1 svg path{stroke-width:4!important}@media only screen and (max-width:1024px) {.fusion-title.fusion-title-1{margin-top:10px!important;margin-bottom:15px!important;}}@media only screen and (max-width:640px) {.fusion-title.fusion-title-1{margin-top:10px!important;margin-bottom:10px!important;}}<\/style><div class=\"fusion-title title fusion-title-1 fusion-sep-none fusion-title-center fusion-title-highlight fusion-loop-on fusion-highlight-underline fusion-title-size-two\" style=\"margin-top:10px;margin-bottom:15px;\" data-highlight=\"underline\"><h2 class=\"title-heading-center\" style=\"margin:0;color:#4c4c4c;\"><span class=\"fusion-highlighted-text-prefix\"><\/span> <span class=\"fusion-highlighted-text-wrapper\"><span class=\"fusion-highlighted-text\">Manuale d'uso e manutenzione per serramenti in PVC<\/span><\/span> <span class=\"fusion-highlighted-text-postfix\"><\/span><\/h2><\/div><\/div><\/div><style type=\"text\/css\">.fusion-body .fusion-builder-column-0{width:100% !important;margin-top : 0px;margin-bottom : 20px;}.fusion-builder-column-0 > .fusion-column-wrapper {padding-top : 0px !important;padding-right : 0px !important;margin-right : 1.92%;padding-bottom : 0px !important;padding-left : 0px !important;margin-left : 1.92%;}@media only screen and (max-width:1024px) {.fusion-body .fusion-builder-column-0{width:100% !important;order : 0;}.fusion-builder-column-0 > .fusion-column-wrapper {margin-right : 1.92%;margin-left : 1.92%;}}@media only screen and (max-width:640px) {.fusion-body .fusion-builder-column-0{width:100% !important;order : 0;}.fusion-builder-column-0 > .fusion-column-wrapper {margin-right : 1.92%;margin-left : 1.92%;}}<\/style><\/div><style type=\"text\/css\">.fusion-body .fusion-flex-container.fusion-builder-row-1{ padding-top : 0px;margin-top : 0px;padding-right : 0px;padding-bottom : 0px;margin-bottom : 0px;padding-left : 0px;}<\/style><\/div><div class=\"fusion-fullwidth fullwidth-box fusion-builder-row-2 fusion-flex-container nonhundred-percent-fullwidth non-hundred-percent-height-scrolling\" style=\"background-color: rgba(255,255,255,0);background-position: center center;background-repeat: no-repeat;border-width: 0px 0px 0px 0px;border-color:#e2e2e2;border-style:solid;\" ><div class=\"fusion-builder-row fusion-row fusion-flex-align-items-flex-start\" style=\"max-width:1248px;margin-left: calc(-4% \/ 2 );margin-right: calc(-4% \/ 2 );\"><div class=\"fusion-layout-column fusion_builder_column fusion-builder-column-1 fusion_builder_column_1_1 1_1 fusion-flex-column\"><div class=\"fusion-column-wrapper fusion-flex-justify-content-flex-start fusion-content-layout-column\" style=\"background-position:left top;background-repeat:no-repeat;-webkit-background-size:cover;-moz-background-size:cover;-o-background-size:cover;background-size:cover;padding: 0px 0px 0px 0px;\"><div class=\"fusion-text fusion-text-1\" style=\"font-size:18px;line-height:2;transform:translate3d(0,0,0);\"><p>Se durante il periodo della garanzia compare condensa all\u2019interno del vetro termoisolante (fra i fogli da vetro), il produttore \u00e8 obbligato a rimediare gratuitamente a questo inconveniente.<\/p>\n<p>Il periodo di garanzia dei vetri termoisolanti destinati alle stanze aventi umidit\u00e0 eccessiva (ad es.. piscine, saune, lava a secchi, lavanderie, cucine industriali, etc.), \u00e8 di 6 mesi.<\/p>\n<h3 style=\"text-align: center;\"><b>Manutenzione e lubrificazione delle finestre:<\/b><\/h3>\n<p style=\"text-align: center;\"><em>Attenzione speciale sar\u00e0 conferita alle guarnizioni di caucci\u00f9.<\/em><br \/>\n<em>Le guarnizioni non vanno unte in nessun caso,<br \/>\n<\/em><em>ma solamente trattate con una lieve spolveratura con talco dopo essere state accuratamente asciugate.<\/em><\/p>\n<p>Ricordiamo che tutti i pezzi metallici sono unti e regolati dal produttore. AI bisogno, dopo un lungo periodo di funzionamento, le giunture possono essere unte con olio per meccanismi fini e le cerniere possono essere unte con grafite di lapis. Prima, le suddette \u201csuperficie saranno spolverate. L&#8217;operazione deve essere eseguita almeno una volta per anno.<\/p>\n<p>Si sconsiglia vivamente di effettuare autonomamente le regolazioni onde evitare di compromettere la corretta funzionalit\u00e0 delle finestre. In caso di bloccaggio \u00e8 sconsigliato forzare il meccanismo. Si deve ripetere il movimento e si devono analizzare gli eventuali motivi (l&#8217;esistenza di un corpo estraneo, etc.), poi il movimento sar\u00e0 ripetuto. Se il bloccaggio persiste sar\u00e0 necessario richiedere l&#8217;intervento di un tecnico montatore.<\/p>\n<p>\u00c8 vietata la perforazione dei quadri in PVC o in alluminio (per il montaggio di tende o di saracinesche, etc.) e l\u2019 incollaggio d&#8217;oggetti con nastro adesivo, cerotto o altri adesivi quali possono macchiare i profili e il vetro.<\/p>\n<p>Periodicamente si deve verificare che gli orifizi per lo spurgo della condensa non sono otturati. AI bisogno saranno sturati con una bacchetta da legno o di materiale plastico.<\/p>\n<p>Ti chiediamo di rispettare queste poche semplici regole di manutenzione per garantirti una lunga durata delle tue finestre ed evitare che, a causa di eventuali atti impropri sopra descritti, ne venga compromessa la garanzia con conseguenti costi a tuo carico per la riparazione di eventuali difetti conseguenti.<\/p>\n<h3 style=\"text-align: center;\"><b>Nozioni sulla condensa:<\/b><\/h3>\n<p>Le condizioni per la formazione della condensa possono essere diminuite anche per la modifica della circolazione dell\u2019aria calda e per una disposizione favorevole degli impianti di riscaldamento. La corrente d&#8217;aria calda deve passare lungo la finestra, per aumentare i coefficienti per la trasmissione del calore. Se esistono elementi incorporati il rischio della comparsa dell&#8217;acqua di condensa pu\u00f2 essere diminuito con le spaccature dei davanzali interni delle finestre.<\/p>\n<p>Vi presentiamo in seguito l&#8217;influenza delle varie situazioni d&#8217;elementi incorporati nelle finestre, sotto i rischi della comparsa dell\u2019acqua di condensa.<img decoding=\"async\" class=\"lazyload  wp-image-1017 alignleft\" src=\"https:\/\/wrgroup.it\/infissisubito\/wp-content\/uploads\/2021\/05\/condensa1.jpg\" data-orig-src=\"https:\/\/wrgroup.it\/infissisubito\/wp-content\/uploads\/2021\/05\/condensa1.jpg\" alt=\"\" width=\"211\" height=\"217\" srcset=\"data:image\/svg+xml,%3Csvg%20xmlns%3D%27http%3A%2F%2Fwww.w3.org%2F2000%2Fsvg%27%20width%3D%27211%27%20height%3D%27217%27%20viewBox%3D%270%200%20211%20217%27%3E%3Crect%20width%3D%27211%27%20height%3D%273217%27%20fill-opacity%3D%220%22%2F%3E%3C%2Fsvg%3E\" data-srcset=\"https:\/\/www.wrgroup.it\/infissisubito\/wp-content\/uploads\/2021\/05\/condensa1-200x206.jpg 200w, https:\/\/www.wrgroup.it\/infissisubito\/wp-content\/uploads\/2021\/05\/condensa1-291x300.jpg 291w, https:\/\/www.wrgroup.it\/infissisubito\/wp-content\/uploads\/2021\/05\/condensa1-400x413.jpg 400w, https:\/\/www.wrgroup.it\/infissisubito\/wp-content\/uploads\/2021\/05\/condensa1.jpg 600w\" data-sizes=\"auto\" data-orig-sizes=\"(max-width: 211px) 100vw, 211px\" \/><\/p>\n<p>Il rischio della comparsa dell\u2019acqua di condensa \u00e8 diminuito per l&#8217;aria calda dall&#8217;impianto di riscaldamento montato lungo la finestra. Sono quindi aumentate le temperature presenti alla superficie della finestra.<br \/>\n<br clear=\"all\" \/><\/p>\n<p><img decoding=\"async\" class=\"lazyload wp-image-1018 alignleft\" src=\"https:\/\/wrgroup.it\/infissisubito\/wp-content\/uploads\/2021\/05\/condensa2.jpg\" data-orig-src=\"https:\/\/wrgroup.it\/infissisubito\/wp-content\/uploads\/2021\/05\/condensa2.jpg\" alt=\"\" width=\"212\" height=\"194\" srcset=\"data:image\/svg+xml,%3Csvg%20xmlns%3D%27http%3A%2F%2Fwww.w3.org%2F2000%2Fsvg%27%20width%3D%27212%27%20height%3D%27194%27%20viewBox%3D%270%200%20212%20194%27%3E%3Crect%20width%3D%27212%27%20height%3D%273194%27%20fill-opacity%3D%220%22%2F%3E%3C%2Fsvg%3E\" data-srcset=\"https:\/\/www.wrgroup.it\/infissisubito\/wp-content\/uploads\/2021\/05\/condensa2-200x183.jpg 200w, https:\/\/www.wrgroup.it\/infissisubito\/wp-content\/uploads\/2021\/05\/condensa2-300x275.jpg 300w, https:\/\/www.wrgroup.it\/infissisubito\/wp-content\/uploads\/2021\/05\/condensa2-400x366.jpg 400w, https:\/\/www.wrgroup.it\/infissisubito\/wp-content\/uploads\/2021\/05\/condensa2.jpg 437w\" data-sizes=\"auto\" data-orig-sizes=\"(max-width: 212px) 100vw, 212px\" \/><br \/>\nIl rischio della comparsa dell&#8217;acqua di condensa \u00e8 aumentato per una temperatura diminuita della superficie del vetro e dei quadri. Il cosi detto &#8220;angolo morto\u201d collocato nell&#8217;ambito del quadro opaco diminuisce il coefficiente per la trasmissione del calore (convezione molto ridotta) e causa anche la diminuzione della temperatura della superficie. Se l&#8217;impianto di riscaldamento manca, la situazione \u00e8 sempre pi\u00f9 sfavorevole.<\/p>\n<p>&nbsp;<\/p>\n<p><img decoding=\"async\" class=\"lazyload  wp-image-1020 alignleft\" src=\"https:\/\/wrgroup.it\/infissisubito\/wp-content\/uploads\/2021\/05\/condensa3.jpg\" data-orig-src=\"https:\/\/wrgroup.it\/infissisubito\/wp-content\/uploads\/2021\/05\/condensa3.jpg\" alt=\"\" width=\"219\" height=\"201\" srcset=\"data:image\/svg+xml,%3Csvg%20xmlns%3D%27http%3A%2F%2Fwww.w3.org%2F2000%2Fsvg%27%20width%3D%27219%27%20height%3D%27201%27%20viewBox%3D%270%200%20219%20201%27%3E%3Crect%20width%3D%27219%27%20height%3D%273201%27%20fill-opacity%3D%220%22%2F%3E%3C%2Fsvg%3E\" data-srcset=\"https:\/\/www.wrgroup.it\/infissisubito\/wp-content\/uploads\/2021\/05\/condensa3-200x183.jpg 200w, https:\/\/www.wrgroup.it\/infissisubito\/wp-content\/uploads\/2021\/05\/condensa3-300x275.jpg 300w, https:\/\/www.wrgroup.it\/infissisubito\/wp-content\/uploads\/2021\/05\/condensa3-400x366.jpg 400w, https:\/\/www.wrgroup.it\/infissisubito\/wp-content\/uploads\/2021\/05\/condensa3.jpg 437w\" data-sizes=\"auto\" data-orig-sizes=\"(max-width: 219px) 100vw, 219px\" \/><br \/>\nIl rischio della comparsa dell&#8217;acqua di condensa \u00e8 diminuito dall&#8217;aria calda risultata dall&#8217;impianto di<br \/>\nriscaldamento montato lungo la finestra. \u00c8 quindi aumentata anche la temperatura esistente alla<br \/>\nsuperficie della finestra.<\/p>\n<p>&nbsp;<\/p>\n<p><img decoding=\"async\" class=\"lazyload wp-image-1021 alignleft\" src=\"https:\/\/wrgroup.it\/infissisubito\/wp-content\/uploads\/2021\/05\/condensa4.jpg\" data-orig-src=\"https:\/\/wrgroup.it\/infissisubito\/wp-content\/uploads\/2021\/05\/condensa4.jpg\" alt=\"\" width=\"232\" height=\"213\" srcset=\"data:image\/svg+xml,%3Csvg%20xmlns%3D%27http%3A%2F%2Fwww.w3.org%2F2000%2Fsvg%27%20width%3D%27232%27%20height%3D%27213%27%20viewBox%3D%270%200%20232%20213%27%3E%3Crect%20width%3D%27232%27%20height%3D%273213%27%20fill-opacity%3D%220%22%2F%3E%3C%2Fsvg%3E\" data-srcset=\"https:\/\/www.wrgroup.it\/infissisubito\/wp-content\/uploads\/2021\/05\/condensa4-200x183.jpg 200w, https:\/\/www.wrgroup.it\/infissisubito\/wp-content\/uploads\/2021\/05\/condensa4-300x275.jpg 300w, https:\/\/www.wrgroup.it\/infissisubito\/wp-content\/uploads\/2021\/05\/condensa4-400x366.jpg 400w, https:\/\/www.wrgroup.it\/infissisubito\/wp-content\/uploads\/2021\/05\/condensa4.jpg 437w\" data-sizes=\"auto\" data-orig-sizes=\"(max-width: 232px) 100vw, 232px\" \/><br \/>\n&nbsp;<br \/>\nIl rischio della comparsa dell&#8217;acqua di condensa \u00e8 \u2018aumentato, perch\u00e9 la profondit\u00e0 dell&#8217;elemento incorporato \u00e8 pi\u00f9 grande, quindi, per la convezione difettosa vicina al quadro opaco\/alla muratura compare il cos\u00ec detto &#8220;angolo morto\u201d. Quindi, la temperatura deIla superficie v\u00e0 diminuita.<\/p>\n<p><br clear=\"all\"><br clear=\"all\"><em><strong>Le suddette spiegazioni indicano che la formazione della condensa \u2014 specialmente nel caso delle soluzioni costruttive con vetri termoisolanti \u2014 dipende specialmente dalla circolazione dell&#8217;aria, dalla collocazione dell&#8217;impianto di riscaldamento e dall&#8217;abitudine degli abitanti riguardante l&#8217;aerazione e non dalla costruzione della finestra o dal montaggio dei vetri.<\/strong><\/em><\/p>\n<\/div><\/div><\/div><style type=\"text\/css\">.fusion-body .fusion-builder-column-1{width:100% !important;margin-top : 0px;margin-bottom : 20px;}.fusion-builder-column-1 > .fusion-column-wrapper {padding-top : 0px !important;padding-right : 0px !important;margin-right : 1.92%;padding-bottom : 0px !important;padding-left : 0px !important;margin-left : 1.92%;}@media only screen and (max-width:1024px) {.fusion-body .fusion-builder-column-1{width:100% !important;order : 0;}.fusion-builder-column-1 > .fusion-column-wrapper {margin-right : 1.92%;margin-left : 1.92%;}}@media only screen and (max-width:640px) {.fusion-body .fusion-builder-column-1{width:100% !important;order : 0;}.fusion-builder-column-1 > .fusion-column-wrapper {margin-right : 1.92%;margin-left : 1.92%;}}<\/style><\/div><style type=\"text\/css\">.fusion-body .fusion-flex-container.fusion-builder-row-2{ padding-top : 0px;margin-top : 50px;padding-right : 0px;padding-bottom : 0px;margin-bottom : 0px;padding-left : 0px;}<\/style><\/div><\/p>\n","protected":false},"excerpt":{"rendered":"","protected":false},"author":1,"featured_media":0,"parent":0,"menu_order":0,"comment_status":"closed","ping_status":"closed","template":"","meta":{"_joinchat":[],"footnotes":""},"class_list":["post-1015","page","type-page","status-publish","hentry"],"_links":{"self":[{"href":"https:\/\/www.wrgroup.it\/infissisubito\/wp-json\/wp\/v2\/pages\/1015","targetHints":{"allow":["GET"]}}],"collection":[{"href":"https:\/\/www.wrgroup.it\/infissisubito\/wp-json\/wp\/v2\/pages"}],"about":[{"href":"https:\/\/www.wrgroup.it\/infissisubito\/wp-json\/wp\/v2\/types\/page"}],"author":[{"embeddable":true,"href":"https:\/\/www.wrgroup.it\/infissisubito\/wp-json\/wp\/v2\/users\/1"}],"replies":[{"embeddable":true,"href":"https:\/\/www.wrgroup.it\/infissisubito\/wp-json\/wp\/v2\/comments?post=1015"}],"version-history":[{"count":4,"href":"https:\/\/www.wrgroup.it\/infissisubito\/wp-json\/wp\/v2\/pages\/1015\/revisions"}],"predecessor-version":[{"id":1023,"href":"https:\/\/www.wrgroup.it\/infissisubito\/wp-json\/wp\/v2\/pages\/1015\/revisions\/1023"}],"wp:attachment":[{"href":"https:\/\/www.wrgroup.it\/infissisubito\/wp-json\/wp\/v2\/media?parent=1015"}],"curies":[{"name":"wp","href":"https:\/\/api.w.org\/{rel}","templated":true}]}}